{"id":980,"date":"2025-03-29T12:45:52","date_gmt":"2025-03-29T12:45:52","guid":{"rendered":"https:\/\/timeless-cult.com\/product\/cairo-black-cardholder-with-logo"},"modified":"2025-03-30T20:55:40","modified_gmt":"2025-03-30T20:55:40","slug":"cairo-black-cardholder-with-logo","status":"publish","type":"product","link":"https:\/\/timeless-cult.com\/de\/produkt\/cairo-black-cardholder-with-logo","title":{"rendered":"Cairo Black Cardholder with logo"},"content":{"rendered":"","protected":false},"excerpt":{"rendered":"<p class=\"\" data-start=\"127\" data-end=\"230\">Ein eleganter und minimalistischer Kartenhalter mit seitlichem Logo-Branding f\u00fcr einen modernen Look.<\/p>\n<h6 data-start=\"232\" data-end=\"257\"><strong data-start=\"237\" data-end=\"255\">Produktdetails<\/strong><\/h6>\n<p class=\"\" data-start=\"258\" data-end=\"402\">\u2022 Glattes PU-Finish<br data-start=\"277\" data-end=\"280\" \/>\u2022 Offenes Design f\u00fcr schnellen Zugriff<br data-start=\"318\" data-end=\"321\" \/>\u2022 Kompaktes und schlankes Format<br data-start=\"353\" data-end=\"356\" \/>\u2022 Dezentes Logo-Detail auf der rechten Seite<\/p>\n<h6 data-start=\"404\" data-end=\"419\"><strong data-start=\"409\" data-end=\"417\">Ma\u00dfe<\/strong><\/h6>\n<p class=\"\" data-start=\"420\" data-end=\"465\">\u2022 Perfekte Gr\u00f6\u00dfe f\u00fcr Karten und Geldscheine<\/p>\n<h6 data-start=\"467\" data-end=\"497\"><strong data-start=\"472\" data-end=\"495\">Material und Pflege<\/strong><\/h6>\n<p class=\"\" data-start=\"498\" data-end=\"566\">\u2022 100 % Polyurethan<br data-start=\"517\" data-end=\"520\" \/>\u2022 Leicht zu reinigen mit einem feuchten Tuch<\/p>","protected":false},"featured_media":979,"comment_status":"open","ping_status":"closed","template":"","meta":[],"product_brand":[],"product_cat":[27],"product_tag":[],"class_list":{"0":"post-980","1":"product","2":"type-product","3":"status-publish","4":"has-post-thumbnail","6":"product_cat-one-way","8":"first","9":"instock","10":"shipping-taxable","11":"purchasable","12":"product-type-simple"},"jetpack_sharing_enabled":true,"_links":{"self":[{"href":"https:\/\/timeless-cult.com\/de\/wp-json\/wp\/v2\/product\/980","targetHints":{"allow":["GET"]}}],"collection":[{"href":"https:\/\/timeless-cult.com\/de\/wp-json\/wp\/v2\/product"}],"about":[{"href":"https:\/\/timeless-cult.com\/de\/wp-json\/wp\/v2\/types\/product"}],"replies":[{"embeddable":true,"href":"https:\/\/timeless-cult.com\/de\/wp-json\/wp\/v2\/comments?post=980"}],"wp:featuredmedia":[{"embeddable":true,"href":"https:\/\/timeless-cult.com\/de\/wp-json\/wp\/v2\/media\/979"}],"wp:attachment":[{"href":"https:\/\/timeless-cult.com\/de\/wp-json\/wp\/v2\/media?parent=980"}],"wp:term":[{"taxonomy":"product_brand","embeddable":true,"href":"https:\/\/timeless-cult.com\/de\/wp-json\/wp\/v2\/product_brand?post=980"},{"taxonomy":"product_cat","embeddable":true,"href":"https:\/\/timeless-cult.com\/de\/wp-json\/wp\/v2\/product_cat?post=980"},{"taxonomy":"product_tag","embeddable":true,"href":"https:\/\/timeless-cult.com\/de\/wp-json\/wp\/v2\/product_tag?post=980"}],"curies":[{"name":"wp","href":"https:\/\/api.w.org\/{rel}","templated":true}]}}