{"id":945,"date":"2025-03-25T21:11:17","date_gmt":"2025-03-25T21:11:17","guid":{"rendered":"https:\/\/timeless-cult.com\/?post_type=product&#038;p=945"},"modified":"2025-03-30T21:27:53","modified_gmt":"2025-03-30T21:27:53","slug":"gift-card","status":"publish","type":"product","link":"https:\/\/timeless-cult.com\/de\/produkt\/gift-card","title":{"rendered":"Gift Card"},"content":{"rendered":"","protected":false},"excerpt":{"rendered":"<p class=\"\" data-start=\"99\" data-end=\"275\">Das perfekte Geschenk f\u00fcr Stilbewusste \u2013 mit der <strong data-start=\"148\" data-end=\"170\">Timeless Culture Gift Card<\/strong> kann der Beschenkte aus unserer exklusiven Kollektion w\u00e4hlen und seinen pers\u00f6nlichen Favoriten finden.<\/p>\n<h6 data-start=\"277\" data-end=\"302\"><strong data-start=\"282\" data-end=\"300\">Produktdetails<\/strong><\/h6>\n<p class=\"\" data-start=\"303\" data-end=\"490\">\u2022 Erh\u00e4ltlich in <strong data-start=\"319\" data-end=\"343\">20 \u20ac<\/strong><br data-start=\"343\" data-end=\"346\" \/>\u2022 Digitaler Code per E-Mail<br data-start=\"403\" data-end=\"406\" \/>\u2022 Einl\u00f6sbar f\u00fcr alle <strong data-start=\"427\" data-end=\"439\">Timeless<\/strong> Produkte<br data-start=\"448\" data-end=\"451\" \/>\u2022 G\u00fcltig f\u00fcr 1<strong data-start=\"464\" data-end=\"475\"> Jahr<\/strong>\u00a0ab Kaufdatum<\/p>\n<h6 data-start=\"492\" data-end=\"517\"><strong data-start=\"497\" data-end=\"515\">Besonderheiten<\/strong><\/h6>\n<p class=\"\" data-start=\"518\" data-end=\"669\">\u2022 Ideal f\u00fcr Geburtstage, besondere Anl\u00e4sse oder einfach als stilvolle \u00dcberraschung<\/p>\n<h6 data-start=\"671\" data-end=\"691\"><strong data-start=\"676\" data-end=\"689\">Einl\u00f6sung<\/strong><\/h6>\n<p class=\"\" data-start=\"692\" data-end=\"815\">\u2022 Einfach den Code beim Checkout eingeben<\/p>","protected":false},"featured_media":959,"comment_status":"open","ping_status":"closed","template":"","meta":[],"product_brand":[],"product_cat":[25],"product_tag":[],"class_list":{"0":"post-945","1":"product","2":"type-product","3":"status-publish","4":"has-post-thumbnail","6":"product_cat-wps_wgm_giftcard","8":"first","9":"instock","10":"shipping-taxable","11":"purchasable","12":"product-type-simple"},"jetpack_sharing_enabled":true,"_links":{"self":[{"href":"https:\/\/timeless-cult.com\/de\/wp-json\/wp\/v2\/product\/945","targetHints":{"allow":["GET"]}}],"collection":[{"href":"https:\/\/timeless-cult.com\/de\/wp-json\/wp\/v2\/product"}],"about":[{"href":"https:\/\/timeless-cult.com\/de\/wp-json\/wp\/v2\/types\/product"}],"replies":[{"embeddable":true,"href":"https:\/\/timeless-cult.com\/de\/wp-json\/wp\/v2\/comments?post=945"}],"wp:featuredmedia":[{"embeddable":true,"href":"https:\/\/timeless-cult.com\/de\/wp-json\/wp\/v2\/media\/959"}],"wp:attachment":[{"href":"https:\/\/timeless-cult.com\/de\/wp-json\/wp\/v2\/media?parent=945"}],"wp:term":[{"taxonomy":"product_brand","embeddable":true,"href":"https:\/\/timeless-cult.com\/de\/wp-json\/wp\/v2\/product_brand?post=945"},{"taxonomy":"product_cat","embeddable":true,"href":"https:\/\/timeless-cult.com\/de\/wp-json\/wp\/v2\/product_cat?post=945"},{"taxonomy":"product_tag","embeddable":true,"href":"https:\/\/timeless-cult.com\/de\/wp-json\/wp\/v2\/product_tag?post=945"}],"curies":[{"name":"wp","href":"https:\/\/api.w.org\/{rel}","templated":true}]}}