{"id":883,"date":"2025-03-21T23:23:40","date_gmt":"2025-03-21T23:23:40","guid":{"rendered":"https:\/\/timeless-cult.com\/?page_id=883"},"modified":"2025-03-21T23:23:40","modified_gmt":"2025-03-21T23:23:40","slug":"widerrufsformular","status":"publish","type":"page","link":"https:\/\/timeless-cult.com\/de\/widerrufsformular","title":{"rendered":"Widerrufsformular"},"content":{"rendered":"<h1 class=\"wp-block-heading\">Widerrufsformular<\/h1><p><br><br><strong>Adresse f\u00fcr R\u00fccksendungen und Gesch\u00e4ftsadress :<\/strong><\/p><p><strong>Dotiy<\/strong><br>Capitostra\u00dfe 35<br>40597 D\u00fcsseldorf<br>Deutschand<br><strong><small>:<\/small><\/strong><\/p><p><br><br>Tel: 0176 70500118<br>Email: hello@dotiy.de<\/p><p><br>Hiermit widerrufe(n) ich\/wir (*) den von mir\/uns (*) abgeschlossenen Vertrag \u00fcber den Kauf der folgenden Waren:<br><br>___________________________________________________________________________________________<br>___________________________________________________________________________________________<br>___________________________________________________________________________________________<br><br><br><br>&#8211; Bestellt am ______________________ \/ erhalten am ______________________<br><br>&#8211; Bestellnummer: _______________<br><br>&#8211; Vor- \/ Nachname des\/der Verbraucher(s) _______________________ \/ ______________________<br><br>&#8211; Anschrift des \/ der Verbraucher(s)<br><br>____________________________________________________________<br>____________________________________________________________<br>____________________________________________________________<br><br>&#8211; Unterschrift des\/der Verbraucher(s) \/ Datum (nur bei Mitteilung auf Papier):<br><br>________________________________ \/ _______________<br><\/p>","protected":false},"excerpt":{"rendered":"<p>Widerrufsformular Adresse f\u00fcr R\u00fccksendungen und Gesch\u00e4ftsadress : DotiyCapitostra\u00dfe 3540597 D\u00fcsseldorfDeutschand: Tel: 0176 70500118Email: hello@dotiy.de Hiermit widerrufe(n) ich\/wir (*) den von mir\/uns (*) abgeschlossenen Vertrag \u00fcber den Kauf der folgenden Waren: _________________________________________________________________________________________________________________________________________________________________________________________________________________________________________________________________________________ &#8211; Bestellt am ______________________ \/ erhalten am ______________________ &#8211; Bestellnummer: _______________ &#8211; Vor- \/ Nachname des\/der Verbraucher(s) _______________________ \/ ______________________ &#8211; Anschrift des \/ [&hellip;]<\/p>","protected":false},"author":1,"featured_media":0,"parent":0,"menu_order":0,"comment_status":"closed","ping_status":"closed","template":"","meta":{"footnotes":""},"class_list":["post-883","page","type-page","status-publish","hentry"],"blocksy_meta":[],"jetpack_sharing_enabled":true,"_links":{"self":[{"href":"https:\/\/timeless-cult.com\/de\/wp-json\/wp\/v2\/pages\/883","targetHints":{"allow":["GET"]}}],"collection":[{"href":"https:\/\/timeless-cult.com\/de\/wp-json\/wp\/v2\/pages"}],"about":[{"href":"https:\/\/timeless-cult.com\/de\/wp-json\/wp\/v2\/types\/page"}],"author":[{"embeddable":true,"href":"https:\/\/timeless-cult.com\/de\/wp-json\/wp\/v2\/users\/1"}],"replies":[{"embeddable":true,"href":"https:\/\/timeless-cult.com\/de\/wp-json\/wp\/v2\/comments?post=883"}],"version-history":[{"count":1,"href":"https:\/\/timeless-cult.com\/de\/wp-json\/wp\/v2\/pages\/883\/revisions"}],"predecessor-version":[{"id":884,"href":"https:\/\/timeless-cult.com\/de\/wp-json\/wp\/v2\/pages\/883\/revisions\/884"}],"wp:attachment":[{"href":"https:\/\/timeless-cult.com\/de\/wp-json\/wp\/v2\/media?parent=883"}],"curies":[{"name":"wp","href":"https:\/\/api.w.org\/{rel}","templated":true}]}}