{"id":876,"date":"2025-03-21T23:18:30","date_gmt":"2025-03-21T23:18:30","guid":{"rendered":"https:\/\/timeless-cult.com\/?page_id=876"},"modified":"2025-03-21T23:18:30","modified_gmt":"2025-03-21T23:18:30","slug":"agb","status":"publish","type":"page","link":"https:\/\/timeless-cult.com\/de\/agb","title":{"rendered":"AGB"},"content":{"rendered":"<h2 class=\"wp-block-heading\">1. Geltungsbereich<\/h2><p>F\u00fcr alle Lieferungen von&nbsp;<strong>Dotiy Werbeagentur<\/strong>&nbsp;<strong>Sonstiges<\/strong>&nbsp;an den Verbraucher gelten diese Allgemeinen Gesch\u00e4ftsbedingungen (AGB).<\/p><p>Ein Verbraucher ist jede nat\u00fcrliche Person, die ein Rechtsgesch\u00e4ft zu einem Zwecke abschlie\u00dft der \u00fcberwiegend weder ihrer gewerblichen noch ihrer selbst\u00e4ndigen beruflichen T\u00e4tigkeit zugerechnet werden kann.<\/p><h2 class=\"wp-block-heading\">Vertragspartner<\/h2><p>Der Kaufvertrag wird mit&nbsp;<strong>Mohammad Al Masalmeh<\/strong>&nbsp;abgeschlossen&nbsp;.<\/p><p><strong>Mohammad Al Masalmeh<\/strong><\/p><p><strong>Capitosta\u00dfe 35<\/strong><\/p><p><strong>40597<\/strong>&nbsp;<strong>D\u00fcsseldorf<\/strong><\/p><h2 class=\"wp-block-heading\">Vertragsschluss<\/h2><p>Die Darstellung der Produkte im Online-Shop stellt kein rechtlich bindendes Angebot, sondern nur eine Aufforderung zur Bestellung dar.<\/p><p>Durch das Anklicken der Kaufbest\u00e4tigung \u201eKaufen\/kostenpflichtig bestellen\u201c geben Sie eine verbindliche Bestellung der auf der Bestellseite aufgelisteten Waren ab. Ihr Kaufvertrag kommt zustande, wenn wir Ihre Bestellung durch eine Auftragsbest\u00e4tigung per E-Mail unmittelbar nach dem Erhalt Ihrer Bestellung annehmen. Bitte beachten Sie, dass Sie beim Bestellvorgang dazu verpflichtet sind, eine E-Mail einzugeben, auf die Sie Zugriff haben.<\/p><h2 class=\"wp-block-heading\">3. Preise &amp; Verpackung<\/h2><p>Es gelten die Preise, die zum Zeitpunkt der Bestellung im Angebot aufgef\u00fchrt sind. Diese sind die Endpreise und enthalten bereits die in Deutschland gesetzlich geltende Mehrwertsteuer. Bei Artikel, f\u00fcr die zum Zeitpunkt des Kaufes im Sonderangebot sind oder f\u00fcr die ein Gutschein eingel\u00f6st wurde, ist der reduzierte Preis im endg\u00fcltigen Angebot der Bestellung enthalten.<\/p><p>Die Verpackung ist ab dem Zeitpunkt Eigentum des Kunden.<\/p><h2 class=\"wp-block-heading\">4. Zahlung<\/h2><p>Grunds\u00e4tzlich bieten wir die Zahlungsarten&nbsp;<strong>Kreditkarte<\/strong>&nbsp;<strong>PayPal<\/strong>&nbsp;<strong>Sofort by Klarna<\/strong>&nbsp;<strong>Apple Pay<\/strong>&nbsp;<strong>Google Pay<\/strong>&nbsp;an. Wir behalten uns bei jeder Bestellung das Recht vor, bestimmte Zahlarten nicht anzubieten und auf die von uns angebotenen Zahlarten zu verweisen.<strong>Kreditkarte. Sie bezahlen direkt im Bestellprozess durch Eingabe Ihrer Kreditkartendaten. Beim Warenversand wird Ihre Kreditkarte mit dem tats\u00e4chlichen Rechnungsbetrag nach Abzug eventueller Rabatte, Gutscheine etc. belastet. Bei Ware, die speziell nach Kundenspezifikation angefertigt wird oder eindeutig auf die pers\u00f6nlichen Bed\u00fcrfnisse zugeschnitten ist, wird Ihre Kreditkarte sofort mit dem tats\u00e4chlichen Rechnungsbetrag nach Abzug eventueller Rabatte, Geschenkgutscheine etc. belastet.<\/strong><strong>PayPal. Sie bezahlen direkt \u00fcber Ihr PayPal-Konto. Nach Absenden Ihrer Bestellung werden Sie zu PayPal weitergeleitet und geben dort den Bestellwert frei. Sobald unser PayPal-Account \u00fcber Ihre Autorisierung informiert wurde, erfolgt der Versand. Ihr PayPal-Konto wird unmittelbar nach erfolgter Autorisierung mit dem tats\u00e4chlichen Rechnungsbetrag nach Abzug eventueller Rabatte, Geschenkgutscheine etc. belastet.<\/strong><strong>Sofort by Klarna. In Zusammenarbeit mit Klarna Bank AB (publ), Sveav\u00e4gen 46, 111 34 Stockholm, Schweden, bieten wir Ihnen die Zahlungsmethode Klarna PayLater an. Die Zahlung erfolgt an Klarna. Weitere Informationen finden Sie in den Nutzungsbedingungen von Klarna. Allgemeine Informationen \u00fcber Klarna finden Sie hier. Ihre pers\u00f6nlichen Daten werden von Klarna in \u00dcbereinstimmung mit den geltenden Datenschutzgesetzen und wie in der Datenschutzerkl\u00e4rung von Klarna beschrieben verarbeitet.<\/strong><strong>Apple Pay. Auf unserer Website bieten wir u.a. die Bezahlung via Apple Pay an. Anbieter dieses Zahlungsdienstes ist Apple Inc., Infinite Loop, Cupertino, CA 95014, Telefon: +1 408 996 1010, in Europa vertreten durch Apple Distribution International Ltd., Hollyhill Industrial Estate, Hollyhill, Cork, Republic of Ireland, contactus.de@euro.apple.com, Registrierungsnummer: 470672, Eingetragen beim Handelsregister in Irland, USt-IdNr.: DE 27946362, (im Folgenden \u201cApple Pay\u201d). Wenn Sie die Bezahlung via Apple Pay ausw\u00e4hlen, werden die von Ihnen eingegebenen Zahlungsdaten an Apple Pay \u00fcbermittelt. Die \u00dcbermittlung Ihrer Daten an Apple Pay erfolgt auf Grundlage von Art. 6 Abs. 1 lit. a DSGVO (Einwilligung) und Art. 6 Abs. 1 lit. b DSGVO (Verarbeitung zur Erf\u00fcllung eines Vertrags). Sie haben die M\u00f6glichkeit, Ihre Einwilligung zur Datenverarbeitung jederzeit zu widerrufen. Ein Widerruf wirkt sich auf die Wirksamkeit von in der Vergangenheit liegenden Datenverarbeitungsvorg\u00e4ngen nicht aus. Weitere Details zur Zahlung mit Apple Pay entnehmen Sie folgenden Links: https:\/\/support.apple.com\/de-de\/HT201469 https:\/\/support.apple.com\/de-de\/HT203027 https:\/\/www.apple.com\/legal\/privacy\/de-ww\/ https:\/\/www.apple.com\/de\/privacy\/.&nbsp;<\/strong><strong>Google Pay. Wenn Sie sich f\u00fcr die Zahlungsart \u201eGoogle Pay\u201c der Google Ireland Limited, Gordon House, 4 Barrow St, Dublin, D04 E5W5, Irland (\u201eGoogle\u201c) entscheiden, erfolgt die Zahlungsabwicklung \u00fcber die \u201eGoogle Pay\u201c-Applikation Ihres mit mindestens Android 4.4 (\u201eKitKat\u201c) betriebenen und \u00fcber eine NFC-Funktion verf\u00fcgenden mobilen Endger\u00e4ts durch die Belastung einer bei Google Pay hinterlegten Zahlungskarte oder einem dort verifizierten Bezahlsystem (z.B. PayPal). F\u00fcr die Freigabe einer Zahlung \u00fcber Google Pay in H\u00f6he von mehr als 25,- \u20ac ist das vorherige Entsperren Ihres mobilen Endger\u00e4tes durch die jeweils eingerichtete Verifikationsma\u00dfnahme (etwa Gesichtserkennung, Passwort, Fingerabdruck oder Muster) erforderlich. Zum Zwecke der Zahlungsabwicklung werden Ihre im Rahmen des Bestellvorgangs mitgeteilten Informationen nebst den Informationen \u00fcber Ihre Bestellung an Google weitergegeben. Google \u00fcbermittelt sodann Ihre in Google Pay hinterlegten Zahlungsinformationen in Form einer einmalig vergebenen Transaktionsnummer an die Ausgangswebsite, mit der eine erfolgte Zahlung verifiziert wird. Diese Transaktionsnummer enth\u00e4lt keinerlei Informationen zu den realen Zahldaten Ihrer bei Google Pay hinterlegten Zahlungsmittel, sondern wird als einmalig g\u00fcltiger numerischer Token erstellt und \u00fcbermittelt. Bei s\u00e4mtlichen Transaktionen \u00fcber Google Pay tritt Google lediglich als Vermittler zur Abwicklung des Bezahlvorgangs auf. Die Durchf\u00fchrung der Transaktion erfolgt ausschlie\u00dflich im Verh\u00e4ltnis zwischen dem Nutzer und der Ausgangswebsite durch Belastung des bei Google Pay hinterlegten Zahlungsmittels. Sofern bei den beschriebenen \u00dcbermittlungen personenbezogene Daten verarbeitet werden, erfolgt die Verarbeitung ausschlie\u00dflich zum Zwecke der Zahlungsabwicklung gem\u00e4\u00df Art. 6 Abs. 1 lit. b DSGVO. Google beh\u00e4lt sich vor, bei jeder \u00fcber Google Pay get\u00e4tigten Transaktion bestimmte vorgangsspezifische Informationen zu erheben, zu speichern und auszuwerten. Hierzu geh\u00f6ren Datum, Uhrzeit und Betrag der Transaktion, H\u00e4ndlerstandort und -beschreibung, eine vom H\u00e4ndler bereitgestellte Beschreibung der gekauften Waren oder Dienste, Fotos, die Sie der Transaktion beigef\u00fcgt haben, der Name und die E-Mail-Adresse des Verk\u00e4ufers und K\u00e4ufers bzw. des Absenders und Empf\u00e4ngers, die verwendete Zahlungsmethode, Ihre Beschreibung f\u00fcr den Grund der Transaktion sowie gegebenenfalls das mit der Transaktion verbundene Angebot. Laut Google erfolgt diese Verarbeitung ausschlie\u00dflich gem\u00e4\u00df Art. 6 Abs.1 lit. f DSGVO auf Basis des berechtigten Interesses an der ordnungsgem\u00e4\u00dfen Rechnungslegung, der Verifizierung von Vorgangsdaten und der Optimierung und Funktionserhaltung des Google Pay-Dienstes. Google beh\u00e4lt sich au\u00dferdem vor, die verarbeiteten Vorgangsdaten mit weiteren Informationen zusammenzuf\u00fchren, die bei der Nutzung weiterer Google-Dienste durch Google erhoben und gespeichert werden. Die Nutzungsbedingungen von Google Pay finden sich hier: https:\/\/payments.google.com\/payments\/apis-secure\/u\/0\/get_legal_document?ldo=0&amp;ldt=googlepaytos&amp;ldl=de Weitere Hinweise zum Datenschutz bei Google Pay finden Sie unter der nachstehenden Internetadresse: https:\/\/payments.google.com\/payments\/apis-secure\/get_legal_document?ldo=0&amp;ldt=privacynotice&amp;ldl=de.<\/strong><strong>Bitte beachten Sie, dass wir ausschlie\u00dflich Zahlungen von Konten innerhalb der Europ\u00e4ischen Union (EU) akzeptieren. Etwaige Kosten einer Geldtransaktion werden von Ihnen getragen.<\/strong><\/p><h2 class=\"wp-block-heading\">5. Gutscheine und Codes und deren Einl\u00f6sung<\/h2><p>Gutscheine k\u00f6nnen nur zum Kauf von Artikeln auf unserer Webseite ab einem Einkaufswert von mindestens werden. Reicht das Guthaben eines Gutscheins f\u00fcr die Bestellung nicht aus, kann die Differenz mit den angebotenen Zahlungsm\u00f6glichkeiten ausgeglichen werden. Gutscheine k\u00f6nnen nur vor Abschluss der Bestellung eingel\u00f6st werden. Das Guthaben eines Gutscheins kann nicht in Geld umgetauscht werden.<\/p><h2 class=\"wp-block-heading\">6. Widerrufsbelehrung<\/h2><h3 class=\"wp-block-heading\">Widerrufsrecht<\/h3><p>Sie haben das Recht, binnen vierzehn Tagen ohne Angabe von Gr\u00fcnden diesen Vertrag zu widerrufen.<\/p><p>Die Widerrufsfrist betr\u00e4gt vierzehn Tage ab dem Tag an dem Sie oder ein von Ihnen benannter Dritter, der nicht der Bef\u00f6rderer ist, die Waren in Besitz genommen haben bzw. hat.&nbsp;<\/p><p>Damit Sie Ihr Widerrufsrecht aus\u00fcben k\u00f6nnen, m\u00fcssen Sie uns eine eindeutige Erkl\u00e4rung \u00fcber Ihren Entschluss zukommen lassen, diesen Vertrag zu widerrufen. Diese Erkl\u00e4rung kann \u00fcber einen versandten Brief, ein Telefax oder eine E-Mail stattfinden. In diesem m\u00fcssen Sie Ihren Namen (ggf. Namen des Unternehmens), Ihre Anschrift und \u2013 soweit verf\u00fcgbar \u2013 Telefonnummer, Telefaxnummer und E-Mail Adresse angeben. Daf\u00fcr k\u00f6nnen Sie das unter der Widerrufsbelehrung bereitgestellte Formular nutzen; jedoch ist dies nicht verpflichtend. Sie k\u00f6nnen dieses Muster-Widerrufsformular oder eine andere eindeutige Erkl\u00e4rung zum Widerruf uns \u00fcbermitteln. Machen Sie von Ihrem Widerruf Gebrauch, werden wir Ihnen nach dem Eingang des Widerrufs per E-Mail eine Best\u00e4tigung \u00fcber den Eingang des Widerrufs \u00fcbermitteln. Zur Wahrung der Widerrufsfrist reicht es aus, dass Sie die Mitteilung \u00fcber die Aus\u00fcbung des Widerrufsrechts vor Ablauf der Widerrufsfrist absenden.<\/p><h3 class=\"wp-block-heading\">Folgen des Widerrufs<\/h3><p>Wenn Sie diesen Vertrag widerrufen, haben wir Ihnen alle Zahlungen, die wir von Ihnen bekommen haben, unverz\u00fcglich und sp\u00e4testens binnen vierzehn Tagen ab dem Tag zur\u00fcckzuzahlen, an dem die Mitteilung \u00fcber Ihren Widerruf dieses Vertrags bei uns eingegangen ist. Sie tragen die unmittelbaren Kosten der R\u00fccksendung der Waren. F\u00fcr diese R\u00fcckzahlung verwenden wir dasselbe Zahlungsmittel, das Sie bei der urspr\u00fcnglichen Transaktion eingesetzt haben. Eine Ausnahme besteht nur dann, wenn wir mit Ihnen schriftlich etwas anderes vereinbart haben. In keinem Fall wird Ihnen wegen dieser R\u00fccksendung Entgelte berechnet. Wir haben das Recht, die R\u00fcckzahlung zu verweigern, bis wir die Ware zur\u00fcckerhalten haben oder bis Sie einen Nachweis (Einschreiben o.\u00e4) erbracht haben, dass Sie die Waren zur\u00fcckgesandt haben.<\/p><p>Sie haben die Waren unverz\u00fcglich und in jedem Fall sp\u00e4testens binnen vierzehn Tagen ab dem Tag, an dem Sie uns \u00fcber den Widerruf dieses Vertrages unterrichten, an uns oder an (hier sind gegebenenfalls der Name und die Anschrift der von Ihnen zur Entgegennahme der Ware erm\u00e4chtigten Person einzuf\u00fcgen) zur\u00fcckzusenden oder zu \u00fcbergeben. Die Frist ist gewahrt, wenn Sie die Waren vor Ablauf der Frist von vierzehn Tagen absenden.<\/p><p>Sie tragen die unmittelbaren Kosten der R\u00fccksendung der Waren.<\/p><p>Sie m\u00fcssen f\u00fcr einen etwaigen Wertverlust der Waren nur aufkommen, wenn dieser Wertverlust auf einen zur Pr\u00fcfung der Beschaffenheit, Eigenschaften und Funktionsweise der Waren nicht notwendigen Umgang mit ihnen zur\u00fcckzuf\u00fchren ist.<\/p><p>Diese Widerrufsbelehrung gilt nicht f\u00fcr die getrennte Lieferung von Waren.<\/p><h2 class=\"wp-block-heading\">7. Ausschluss \/ Erl\u00f6schen des Widerrufsrechts<\/h2><p>Ein Widerrufsrecht besteht nach \u00a7 312g Abs. 2 BGB u.a. nicht bei Vertr\u00e4gen zur Lieferung von Waren, die nicht vorgefertigt sind und f\u00fcr deren Herstellung eine individuelle Auswahl oder Bestimmung durch den Verbraucher ma\u00dfgeblich ist oder die eindeutig auf die pers\u00f6nlichen Bed\u00fcrfnisse des Verbrauchers zugeschnitten sind und es erlischt vorzeitig bei Vertr\u00e4gen zur Lieferung versiegelter Waren, die aus Gr\u00fcnden des Gesundheitsschutzes oder der Hygiene nicht zur R\u00fcckgabe geeignet sind, wenn ihre Versiegelung nach der Lieferung entfernt wurde.<\/p><h2 class=\"wp-block-heading\">8.Freiwilliges R\u00fcckgaberech<\/h2><p>Kein freiwilliges R\u00fcckgaberecht.<\/p><h2 class=\"wp-block-heading\">9.Lieferung und Lieferzeit<\/h2><p>Lieferungen sind grunds\u00e4tzlich nur innerhalb Deutschlands m\u00f6glich. Die Abgabe von Artikeln erfolgt nur in haushalts\u00fcblichen Mengen und nur an Endverbraucher.<\/p><h2 class=\"wp-block-heading\">10. Versandkosten<\/h2><p>Bei&nbsp;<strong>Mohammad Al Masalmeh Dotiy Werbeagentur<\/strong>&nbsp;fallen die Versandkosten ab einem Bestellwert von&nbsp;<strong>100 EUR<\/strong>&nbsp;weg.<\/p><h2 class=\"wp-block-heading\">12. Eigentumsvorbehalt<\/h2><p>Bis zur vollst\u00e4ndigen Eingang der Bezahlung bleibt die Ware Eigentum von Mohammad Al Masalmeh<\/p><h2 class=\"wp-block-heading\">13. Haftung<\/h2><p>Wir haften unbeschr\u00e4nkt f\u00fcr Vorsatz und grobe Fahrl\u00e4ssigkeit und nach den Vorgaben des Produkthaftungsgesetzes. Bei leichter Fahrl\u00e4ssigkeit haften wir grunds\u00e4tzlich nur bei Verletzungen des Lebens, des K\u00f6rpers und der Gesundheit von Personen.<br><br>Sollte dies bei einer leichten Fahrl\u00e4ssigkeit nicht zutreffen, haften wir nur im Falle der Verletzung von vertragswesentlichen Pflichten. Als diese werden Pflichten verstanden, welche die Erf\u00fcllung der ordnungsgem\u00e4\u00dfen Durchf\u00fchrung des Vertrages erst erm\u00f6glichen und auf deren Einhaltung der Vertragspartner vertraut. Die Haftung bei der Verletzung einer vertragswesentlichen Pflicht ist auf den f\u00fcr den erlittenen Schaden typischen Schadensersatz begrenzt, mit dessen Entstehen wir bei Vertragsabschluss auf Grund der zu diesem Zeitpunkt bekannten Umst\u00e4nden rechnen mussten. Die hier vorliegende Haftungsbeschr\u00e4nkung gilt ebenfalls zugunsten von unseren Erf\u00fcllungsgehilfen.<\/p><p>Diese Richtlinie gilt ab Montag, der 30.09.2024 19:07 Uhr.<\/p>","protected":false},"excerpt":{"rendered":"<p>1. Geltungsbereich F\u00fcr alle Lieferungen von&nbsp;Dotiy Werbeagentur&nbsp;Sonstiges&nbsp;an den Verbraucher gelten diese Allgemeinen Gesch\u00e4ftsbedingungen (AGB). Ein Verbraucher ist jede nat\u00fcrliche Person, die ein Rechtsgesch\u00e4ft zu einem Zwecke abschlie\u00dft der \u00fcberwiegend weder ihrer gewerblichen noch ihrer selbst\u00e4ndigen beruflichen T\u00e4tigkeit zugerechnet werden kann. Vertragspartner Der Kaufvertrag wird mit&nbsp;Mohammad Al Masalmeh&nbsp;abgeschlossen&nbsp;. Mohammad Al Masalmeh Capitosta\u00dfe 35 40597&nbsp;D\u00fcsseldorf Vertragsschluss Die [&hellip;]<\/p>","protected":false},"author":1,"featured_media":0,"parent":0,"menu_order":0,"comment_status":"closed","ping_status":"closed","template":"","meta":{"footnotes":""},"class_list":["post-876","page","type-page","status-publish","hentry"],"blocksy_meta":[],"jetpack_sharing_enabled":true,"_links":{"self":[{"href":"https:\/\/timeless-cult.com\/de\/wp-json\/wp\/v2\/pages\/876","targetHints":{"allow":["GET"]}}],"collection":[{"href":"https:\/\/timeless-cult.com\/de\/wp-json\/wp\/v2\/pages"}],"about":[{"href":"https:\/\/timeless-cult.com\/de\/wp-json\/wp\/v2\/types\/page"}],"author":[{"embeddable":true,"href":"https:\/\/timeless-cult.com\/de\/wp-json\/wp\/v2\/users\/1"}],"replies":[{"embeddable":true,"href":"https:\/\/timeless-cult.com\/de\/wp-json\/wp\/v2\/comments?post=876"}],"version-history":[{"count":1,"href":"https:\/\/timeless-cult.com\/de\/wp-json\/wp\/v2\/pages\/876\/revisions"}],"predecessor-version":[{"id":877,"href":"https:\/\/timeless-cult.com\/de\/wp-json\/wp\/v2\/pages\/876\/revisions\/877"}],"wp:attachment":[{"href":"https:\/\/timeless-cult.com\/de\/wp-json\/wp\/v2\/media?parent=876"}],"curies":[{"name":"wp","href":"https:\/\/api.w.org\/{rel}","templated":true}]}}