{"id":410,"date":"2022-03-23T09:17:00","date_gmt":"2022-03-23T09:17:00","guid":{"rendered":"https:\/\/startersites.io\/stagingseven\/?page_id=410"},"modified":"2025-03-29T16:57:38","modified_gmt":"2025-03-29T16:57:38","slug":"about-us","status":"publish","type":"page","link":"https:\/\/timeless-cult.com\/de\/about-us","title":{"rendered":"About Us"},"content":{"rendered":"<div class=\"wp-block-stackable-spacer stk-block-spacer stk--no-padding stk-block stk-19a89a2\" data-block-id=\"19a89a2\"><style>.stk-19a89a2 {height:200px !important;}@media screen and (max-width:999px){.stk-19a89a2 {height:100px !important;}}<\/style><\/div><div class=\"wp-block-stackable-columns stk-block-columns stk-block stk-9dedec1\" data-block-id=\"9dedec1\"><style>.stk-9dedec1 {margin-bottom:0px !important;}.stk-9dedec1-column{--stk-column-gap:60px !important;row-gap:60px !important;}<\/style><div class=\"stk-row stk-inner-blocks stk-block-content stk-content-align stk-9dedec1-column\"><div class=\"wp-block-stackable-column stk-block-column stk-column stk-block stk-20a795f\" data-block-id=\"20a795f\"><style>.stk-20a795f-container{margin-top:0px !important;margin-right:0px !important;margin-bottom:0px !important;margin-left:0px !important;}@media screen and (min-width:690px){.stk-20a795f {flex:var(--stk-flex-grow, 1) 1 calc(66.666% - var(--stk-column-gap, 0px) * 1 \/ 2 ) !important;}}@media screen and (min-width:690px) and (max-width:999px){.stk-20a795f {flex:var(--stk-flex-grow, 1) 1 calc(100% - var(--stk-column-gap, 0px) * 0 \/ 1 ) !important;}}<\/style><div class=\"stk-column-wrapper stk-block-column__content stk-container stk-20a795f-container stk--no-background stk--no-padding\"><div class=\"has-text-align-center-tablet stk-block-content stk-inner-blocks stk-20a795f-inner-blocks\"><div class=\"wp-block-stackable-heading stk-block-heading stk-block-heading--v2 stk-block stk-406e1c3\" id=\"young-kid\" data-block-id=\"406e1c3\"><style>.stk-406e1c3 {margin-bottom:20px !important;}.stk-406e1c3 .stk-block-heading__text{font-size:40px !important;line-height:1.5em !important;font-weight:900 !important;}@media screen and (max-width:999px){.stk-406e1c3 .stk-block-heading__text{font-size:40px !important;}}@media screen and (max-width:689px){.stk-406e1c3 .stk-block-heading__text{font-size:28px !important;}}<\/style><h2 class=\"stk-block-heading__text\">Young Kid<\/h2><\/div>\n\n<div class=\"wp-block-stackable-text stk-block-text stk-block stk-aa0ab6c\" data-block-id=\"aa0ab6c\"><p class=\"stk-block-text__text translation-block\"><em>Timeless Culture<\/em> ist mehr als nur eine Marke; es ist die Verwirklichung eines Traums, der im Herzen eines jungen, ehrgeizigen Kindes begann. Schon in jungen Jahren stellte er sich vor, etwas Besonderes zu schaffen, etwas wirklich Einzigartiges, f\u00fcr sich selbst. Mit einer Leidenschaft f\u00fcr Handwerkskunst und einem unersch\u00fctterlichen Wunsch, etwas zu erschaffen, unternahm er mehrere Versuche, seine Vision zum Leben zu erwecken. Trotz der Herausforderungen gab er nie auf.<\/p><\/div>\n\n<p class=\"translation-block\">Im Jahr 2022 und 2023 nahm die Reise Formen an, doch die Hindernisse des Lebens wurden zu gro\u00df, und der Traum wurde eine Zeit lang auf Eis gelegt. Doch manche Tr\u00e4ume sind einfach zu stark, um vergessen zu werden. 2025 nahm er seine Leidenschaft wieder auf, und <em>Timeless Culture<\/em> wurde geboren.<\/p>\n\n<p>Timeless Culture ist ein Zeugnis f\u00fcr Resilienz, Ausdauer und den unersch\u00fctterlichen Drang nach Perfektion. Wir entwerfen Produkte, die sowohl Luxus als auch Funktionalit\u00e4t verk\u00f6rpern und zeitlose St\u00fccke bieten, die ein Leben lang halten sollen.<\/p>\n\n<p>Dies ist erst der Anfang der Geschichte, eine Geschichte von Wachstum, Hingabe und dem unaufh\u00f6rlichen Glauben daran, dass es nie zu sp\u00e4t ist, neu anzufangen.<\/p><\/div><\/div><\/div>\n\n<div class=\"wp-block-stackable-column stk-block-column stk-column stk-block stk-e8ec9fc\" data-block-id=\"e8ec9fc\"><style>.stk-e8ec9fc-container{margin-top:0px !important;margin-right:0px !important;margin-bottom:0px !important;margin-left:0px !important;}.stk-e8ec9fc {align-self:center !important;}@media screen and (min-width:690px){.stk-e8ec9fc {flex:var(--stk-flex-grow, 1) 1 calc(33.33400000000002% - var(--stk-column-gap, 0px) * 1 \/ 2 ) !important;}}@media screen and (min-width:690px) and (max-width:999px){.stk-e8ec9fc {flex:var(--stk-flex-grow, 1) 1 calc(100% - var(--stk-column-gap, 0px) * 0 \/ 1 ) !important;}}<\/style><div class=\"stk-column-wrapper stk-block-column__content stk-container stk-e8ec9fc-container stk--no-background stk--no-padding\"><div class=\"stk-block-content stk-inner-blocks stk-e8ec9fc-inner-blocks\"><div class=\"wp-block-stackable-image stk-block-image stk-block stk-ee3e13d\" data-block-id=\"ee3e13d\"><style>.stk-ee3e13d .stk-img-wrapper{width:100% !important;}.stk-ee3e13d .stk-img-wrapper img{border-radius:3px !important;}@media screen and (max-width:999px){.stk-ee3e13d .stk-img-wrapper{width:660px !important;}}<\/style><figure><span class=\"stk-img-wrapper stk-image--shape-stretch\"><img loading=\"lazy\" decoding=\"async\" class=\"stk-img wp-image-968\" src=\"https:\/\/timeless-cult.com\/wp-content\/uploads\/2025\/03\/Artboard-1.png\" width=\"1041\" height=\"535\" srcset=\"https:\/\/timeless-cult.com\/wp-content\/uploads\/2025\/03\/Artboard-1.png 1041w, https:\/\/timeless-cult.com\/wp-content\/uploads\/2025\/03\/Artboard-1-700x360.png 700w, https:\/\/timeless-cult.com\/wp-content\/uploads\/2025\/03\/Artboard-1-300x154.png 300w, https:\/\/timeless-cult.com\/wp-content\/uploads\/2025\/03\/Artboard-1-1024x526.png 1024w, https:\/\/timeless-cult.com\/wp-content\/uploads\/2025\/03\/Artboard-1-768x395.png 768w\" sizes=\"auto, (max-width: 1041px) 100vw, 1041px\" \/><\/span><\/figure><\/div><\/div><\/div><\/div><\/div><\/div><div class=\"wp-block-stackable-spacer stk-block-spacer stk--no-padding stk-block stk-746b086\" data-block-id=\"746b086\"><style>.stk-746b086 {height:140px !important;}@media screen and (max-width:999px){.stk-746b086 {height:100px !important;}}<\/style><\/div><p><\/p>","protected":false},"excerpt":{"rendered":"<p>Young Kid Timeless Culture&nbsp;is more than a brand; it&#8217;s the realization of a dream that began in the heart of a young, ambitious kid. From a young age, he envisioned creating something special, something truly unique, for himself. With a passion for craftsmanship and an unwavering desire to build, he embarked on multiple attempts to [&hellip;]<\/p>","protected":false},"author":1,"featured_media":0,"parent":0,"menu_order":0,"comment_status":"closed","ping_status":"closed","template":"","meta":{"footnotes":""},"class_list":["post-410","page","type-page","status-publish","hentry"],"blocksy_meta":{"page_title_panel":"","has_hero_section":"disabled","d62764b6e9bb0aaea5ca5b89dbc46beb":"","hero_section":"type-1","hero_elements":[{"id":"custom_title","enabled":true,"heading_tag":"h1","title":"Home"},{"id":"custom_description","enabled":true,"description_visibility":{"desktop":true,"tablet":true,"mobile":false}},{"id":"custom_meta","enabled":false,"meta_elements":[{"id":"author","enabled":true,"label":"By","has_author_avatar":"yes","avatar_size":25},{"id":"post_date","enabled":true,"label":"On","date_format_source":"default","date_format":"M j, Y"},{"id":"updated_date","enabled":false,"label":"On","date_format_source":"default","date_format":"M j, Y"},{"id":"categories","enabled":false,"label":"In","style":"simple"},{"id":"comments","enabled":true}],"page_meta_elements":{"joined":true,"articles_count":true,"comments":true}},{"id":"breadcrumbs","enabled":false}],"fae67ca3721c76f07332a34e2e1279c1":"","hero_alignment1":"CT_CSS_SKIP_RULE","hero_margin":40,"hero_alignment2":"center","hero_vertical_alignment":"center","265681bca8ef66c998345d5f49e0a641":"","hero_structure":"narrow","9fd6ae2320326ef29e9de4a6fabe4476":"","page_title_bg_type":"featured_image","custom_hero_background":{"attachment_id":null},"parallax":{"desktop":false,"tablet":false,"mobile":false},"7b759c92badcf9bd8e5dad0e24feb678":"","hero_height":"250px","pageTitleFont":{"family":"Default","variation":"Default","size":"30px","line-height":"CT_CSS_SKIP_RULE","letter-spacing":"CT_CSS_SKIP_RULE","text-transform":"CT_CSS_SKIP_RULE","text-decoration":"CT_CSS_SKIP_RULE"},"pageTitleFontColor":{"default":{"color":"CT_CSS_SKIP_RULEDEFAULT"}},"pageMetaFont":{"family":"Default","variation":"n6","size":"12px","line-height":"1.3","letter-spacing":"CT_CSS_SKIP_RULE","text-transform":"uppercase","text-decoration":"CT_CSS_SKIP_RULE"},"pageMetaFontColor":{"default":{"color":"CT_CSS_SKIP_RULEDEFAULT"},"hover":{"color":"CT_CSS_SKIP_RULEDEFAULT"}},"page_meta_button_type_font_colors":{"default":{"color":"CT_CSS_SKIP_RULEDEFAULT"},"hover":{"color":"CT_CSS_SKIP_RULEDEFAULT"}},"page_meta_button_type_background_colors":{"default":{"color":"CT_CSS_SKIP_RULEDEFAULT"},"hover":{"color":"CT_CSS_SKIP_RULEDEFAULT"}},"pageExcerptFont":{"family":"Default","variation":"Default","size":"CT_CSS_SKIP_RULE","line-height":"CT_CSS_SKIP_RULE","letter-spacing":"CT_CSS_SKIP_RULE","text-transform":"CT_CSS_SKIP_RULE","text-decoration":"CT_CSS_SKIP_RULE"},"pageExcerptColor":{"default":{"color":"CT_CSS_SKIP_RULEDEFAULT"}},"breadcrumbsFont":{"family":"Default","variation":"Default","size":"CT_CSS_SKIP_RULE","line-height":"CT_CSS_SKIP_RULE","letter-spacing":"CT_CSS_SKIP_RULE","text-transform":"CT_CSS_SKIP_RULE","text-decoration":"CT_CSS_SKIP_RULE"},"breadcrumbsFontColor":{"default":{"color":"CT_CSS_SKIP_RULEDEFAULT"},"initial":{"color":"CT_CSS_SKIP_RULEDEFAULT"},"hover":{"color":"CT_CSS_SKIP_RULEDEFAULT"}},"pageTitleOverlay":{"background_type":"color","background_pattern":"type-1","background_image":{"attachment_id":null,"x":0,"y":0},"gradient":"linear-gradient(135deg,rgba(6,147,227,1) 0%,rgb(155,81,224) 100%)","background_repeat":"repeat","background_size":"auto","background_attachment":"scroll","patternColor":{"default":{"color":"#e5e7ea"}},"overlayColor":{"default":{"color":"CT_CSS_SKIP_RULE"}},"backgroundColor":{"default":{"color":"CT_CSS_SKIP_RULE"}}},"pageTitleBackground":{"background_type":"color","background_pattern":"type-1","background_image":{"attachment_id":null,"x":0,"y":0},"gradient":"linear-gradient(135deg,rgba(6,147,227,1) 0%,rgb(155,81,224) 100%)","background_repeat":"repeat","background_size":"auto","background_attachment":"scroll","patternColor":{"default":{"color":"#e5e7ea"}},"overlayColor":{"default":{"color":"CT_CSS_SKIP_RULE"}},"backgroundColor":{"default":{"color":"var(--theme-palette-color-6)"}}},"pageTitlePadding":{"top":"50px","bottom":"50px","left":"auto","right":"auto","linked":true},"f4fc0fcaa853d290d42c96e8f6d5b869":"","page_structure_type":"default","0b26d651a8d2ebb2a14a963ba8c4895c":"","content_style_source":"inherit","content_style":"wide","vertical_spacing_source":"custom","content_area_spacing":"none","background":{"background_type":"color","background_pattern":"type-1","background_image":{"attachment_id":null,"x":0,"y":0},"gradient":"linear-gradient(135deg,rgba(6,147,227,1) 0%,rgb(155,81,224) 100%)","background_repeat":"repeat","background_size":"auto","background_attachment":"scroll","patternColor":{"default":{"color":"#e5e7ea"}},"overlayColor":{"default":{"color":"CT_CSS_SKIP_RULE"}},"backgroundColor":{"default":{"color":"CT_CSS_SKIP_RULE"}}},"content_background":{"background_type":"color","background_pattern":"type-1","background_image":{"attachment_id":null,"x":0,"y":0},"gradient":"linear-gradient(135deg,rgba(6,147,227,1) 0%,rgb(155,81,224) 100%)","background_repeat":"repeat","background_size":"auto","background_attachment":"scroll","patternColor":{"default":{"color":"#e5e7ea"}},"overlayColor":{"default":{"color":"CT_CSS_SKIP_RULE"}},"backgroundColor":{"default":{"color":"var(--theme-palette-color-8)"}}},"content_boxed_shadow":{"inherit":false,"blur":18,"spread":-6,"v_offset":12,"h_offset":0,"inset":false,"enable":true,"color":{"color":"rgba(34, 56, 101, 0.04)"}},"boxed_content_spacing":{"desktop":{"top":"40px","bottom":"40px","left":"40px","right":"40px","linked":true},"tablet":{"top":"35px","bottom":"35px","left":"35px","right":"35px","linked":true},"mobile":{"top":"20px","bottom":"20px","left":"20px","right":"20px","linked":true}},"content_boxed_radius":{"top":"3px","bottom":"3px","left":"3px","right":"3px","linked":true},"d5f159e47b7a7b57e3af8576c3a511fa":"","disable_featured_image":"no","disable_share_box":"no","disable_header":"no","disable_footer":"no","styles_descriptor":{"styles":{"desktop":"","tablet":"","mobile":""},"google_fonts":[],"version":6}},"jetpack_sharing_enabled":true,"_links":{"self":[{"href":"https:\/\/timeless-cult.com\/de\/wp-json\/wp\/v2\/pages\/410","targetHints":{"allow":["GET"]}}],"collection":[{"href":"https:\/\/timeless-cult.com\/de\/wp-json\/wp\/v2\/pages"}],"about":[{"href":"https:\/\/timeless-cult.com\/de\/wp-json\/wp\/v2\/types\/page"}],"author":[{"embeddable":true,"href":"https:\/\/timeless-cult.com\/de\/wp-json\/wp\/v2\/users\/1"}],"replies":[{"embeddable":true,"href":"https:\/\/timeless-cult.com\/de\/wp-json\/wp\/v2\/comments?post=410"}],"version-history":[{"count":7,"href":"https:\/\/timeless-cult.com\/de\/wp-json\/wp\/v2\/pages\/410\/revisions"}],"predecessor-version":[{"id":1032,"href":"https:\/\/timeless-cult.com\/de\/wp-json\/wp\/v2\/pages\/410\/revisions\/1032"}],"wp:attachment":[{"href":"https:\/\/timeless-cult.com\/de\/wp-json\/wp\/v2\/media?parent=410"}],"curies":[{"name":"wp","href":"https:\/\/api.w.org\/{rel}","templated":true}]}}