{"id":1141,"date":"2025-03-30T18:36:36","date_gmt":"2025-03-30T18:36:36","guid":{"rendered":"https:\/\/timeless-cult.com\/?page_id=1141"},"modified":"2025-03-30T19:14:31","modified_gmt":"2025-03-30T19:14:31","slug":"rucksendung","status":"publish","type":"page","link":"https:\/\/timeless-cult.com\/de\/rucksendung","title":{"rendered":"R\u00fccksendung"},"content":{"rendered":"<p class=\"has-text-align-left has-small-font-size\">Du m\u00f6chtest einen Artikel zur\u00fccksenden?<br>Kein Problem! Du kannst unbenutzte Artikel innerhalb von 14 Tagen an uns zur\u00fccksenden.<\/p><p class=\"has-text-align-left has-small-font-size\"><strong>Wir machen R\u00fccksendungen einfacher<\/strong><\/p><p class=\"has-text-align-left has-small-font-size\">F\u00fclle einfach das untenstehende Formular aus, um deine R\u00fccksendeanfrage zu stellen. Nach Pr\u00fcfung deiner Anfrage senden wir dir alle n\u00f6tigen Informationen zu deiner R\u00fccksendung per E-Mail.<\/p><p class=\"has-text-align-left has-small-font-size\"><strong>Die R\u00fccksendekosten im Normalfall \u00fcbernimmt der Kunde.<\/strong><\/p><hr class=\"wp-block-separator has-alpha-channel-opacity is-style-wide\" style=\"margin-top:var(--wp--preset--spacing--60);margin-bottom:var(--wp--preset--spacing--60)\"\/><p class=\"has-small-font-size\"><strong>Unsere R\u00fccksendebestimmungen<\/strong><\/p><p class=\"has-small-font-size\">Bitte achte darauf, dass alle retournierten Artikel in ihrem Originalzustand sind und in der Originalverpackung, inklusive des Etiketts, an uns zur\u00fcckgesendet werden.<\/p><p class=\"has-small-font-size\">Sobald deine R\u00fccksendung bei uns eingegangen ist, erh\u00e4ltst du per E-Mail eine Best\u00e4tigung \u00fcber den Eingang der Retoure. Nach Pr\u00fcfung der Retoure wird der entsprechende Betrag zur\u00fcckerstattet &#8211; gem\u00e4\u00df der von dir beim Einkauf gew\u00e4hlten Zahlungsart. Die Bearbeitung und R\u00fcckerstattung kann bis zu 10 Werktage dauern.<\/p><hr class=\"wp-block-separator has-alpha-channel-opacity is-style-wide\" style=\"margin-top:var(--wp--preset--spacing--60);margin-bottom:var(--wp--preset--spacing--60)\"\/><p class=\"has-small-font-size\"><strong>Du hast noch Fragen?<\/strong><\/p><p class=\"has-small-font-size\">Schreib uns eine E-Mail an:\u00a0<a href=\"mailto:hello@timeless-cult.com\" data-type=\"mailto\" data-id=\"mailto:hello@timeless-cult.com\"><strong>hello@timeless-cult.com<\/strong><\/a><\/p><hr class=\"wp-block-separator has-alpha-channel-opacity is-style-wide\" style=\"margin-top:var(--wp--preset--spacing--60);margin-bottom:var(--wp--preset--spacing--60)\"\/><p class=\"has-small-font-size\"><strong>R\u00fccksendeformular<\/strong><\/p><p class=\"has-small-font-size\"><em>Bitte f\u00fclle das folgende Formular aus. Nach Pr\u00fcfung deiner Anfrage erh\u00e4ltst du von uns weitere Informationen zur R\u00fccksendung.<\/em><\/p><div class=\"wp-block-jetpack-contact-form\"><a href=\"https:\/\/timeless-cult.com\/de\/rucksendung\" target=\"_blank\" rel=\"noopener noreferrer\">Formular einreichen.<\/a><\/div><p><\/p>","protected":false},"excerpt":{"rendered":"<p>Du m\u00f6chtest einen Artikel zur\u00fccksenden?Kein Problem! Du kannst unbenutzte Artikel innerhalb von 14 Tagen an uns zur\u00fccksenden. Wir machen R\u00fccksendungen einfacher F\u00fclle einfach das untenstehende Formular aus, um deine R\u00fccksendeanfrage zu stellen. Nach Pr\u00fcfung deiner Anfrage senden wir dir alle n\u00f6tigen Informationen zu deiner R\u00fccksendung per E-Mail. Die R\u00fccksendekosten im Normalfall \u00fcbernimmt der Kunde. Unsere [&hellip;]<\/p>","protected":false},"author":1,"featured_media":0,"parent":0,"menu_order":0,"comment_status":"closed","ping_status":"closed","template":"","meta":{"footnotes":""},"class_list":["post-1141","page","type-page","status-publish","hentry"],"blocksy_meta":{"page_structure_type":"type-4","styles_descriptor":{"styles":{"desktop":"","tablet":"","mobile":""},"google_fonts":[],"version":6}},"jetpack_sharing_enabled":true,"_links":{"self":[{"href":"https:\/\/timeless-cult.com\/de\/wp-json\/wp\/v2\/pages\/1141","targetHints":{"allow":["GET"]}}],"collection":[{"href":"https:\/\/timeless-cult.com\/de\/wp-json\/wp\/v2\/pages"}],"about":[{"href":"https:\/\/timeless-cult.com\/de\/wp-json\/wp\/v2\/types\/page"}],"author":[{"embeddable":true,"href":"https:\/\/timeless-cult.com\/de\/wp-json\/wp\/v2\/users\/1"}],"replies":[{"embeddable":true,"href":"https:\/\/timeless-cult.com\/de\/wp-json\/wp\/v2\/comments?post=1141"}],"version-history":[{"count":20,"href":"https:\/\/timeless-cult.com\/de\/wp-json\/wp\/v2\/pages\/1141\/revisions"}],"predecessor-version":[{"id":1163,"href":"https:\/\/timeless-cult.com\/de\/wp-json\/wp\/v2\/pages\/1141\/revisions\/1163"}],"wp:attachment":[{"href":"https:\/\/timeless-cult.com\/de\/wp-json\/wp\/v2\/media?parent=1141"}],"curies":[{"name":"wp","href":"https:\/\/api.w.org\/{rel}","templated":true}]}}